{"id":2,"date":"2023-09-01T10:36:17","date_gmt":"2023-09-01T13:36:17","guid":{"rendered":"http:\/\/ancelmoguincho.com\/?page_id=2"},"modified":"2023-09-01T11:53:46","modified_gmt":"2023-09-01T14:53:46","slug":"pagina-exemplo","status":"publish","type":"page","link":"https:\/\/ancelmoguincho.com\/","title":{"rendered":"Servi\u00e7os de guincho e reboque."},"content":{"rendered":"\n<p class=\"has-black-color has-text-color has-medium-font-size\">Somos uma empresa com foco em resolver problemas emergenciais de motoristas e ve\u00edculos.<\/p>\n\n\n\n<p class=\"has-black-color has-text-color has-medium-font-size\">Ligue agora. 55 11 94339-5313 Somos uma empresa com foco em resolver problemas emergenciais de motoristas e ve\u00edculos. Nossa equipe \u00e9 especializada com mais de 20 anos de experi\u00eancia.\u00a0<\/p>\n\n\n\n<p class=\"has-black-color has-text-color\">Atendemos as seguintes regi\u00f5es: Santana, Lapa, Brasil\u00e2ndia e demais regi\u00f5es.<\/p>\n\n\n\n<p class=\"has-black-color has-text-color\">Nossa equipe de profissionais altamente qualificados est\u00e1 pronta para atender a todas as suas necessidades de guincho e reboque, oferecendo servi\u00e7os de alta qualidade e confiabilidade.<\/p>\n\n\n\n<p class=\"has-black-color has-text-color has-medium-font-size\">Temos guinchos Pesados em S\u00e3o Paulo, com profissionais capacitados para atend\u00ea-lo, com rapidez e efici\u00eancia. Fazemos guincho por km, servi\u00e7o de guincho. Guincho para carros em S\u00e3o Paulo e guincho para motos.&nbsp;Oferecemos uma solu\u00e7\u00e3o completa de assist\u00eancia 24 horas<\/p>\n\n\n\n<p class=\"has-black-color has-text-color has-medium-font-size\">Somos uma empresa especializada em servi\u00e7os de guincho e reboque, atendendo clientes em toda a Zona Norte de S\u00e3o Paulo. Chegamos em at\u00e9 20 minutos.<\/p>\n\n\n\n<p><\/p>\n\n\n\n<p class=\"has-white-background-color has-background has-large-font-size\"><\/p>\n","protected":false},"excerpt":{"rendered":"<p>Somos uma empresa com foco em resolver problemas emergenciais de motoristas e ve\u00edculos. Ligue agora. 55 11 94339-5313 Somos uma empresa com foco em resolver problemas emergenciais de motoristas e ve\u00edculos. Nossa equipe \u00e9 especializada com mais de 20 anos de experi\u00eancia.\u00a0 Atendemos as seguintes regi\u00f5es: Santana, Lapa, Brasil\u00e2ndia e [&hellip;]<\/p>\n","protected":false},"author":1,"featured_media":0,"parent":0,"menu_order":0,"comment_status":"closed","ping_status":"open","template":"","meta":{"footnotes":""},"class_list":["post-2","page","type-page","status-publish","hentry"],"aioseo_notices":[],"_links":{"self":[{"href":"https:\/\/ancelmoguincho.com\/index.php\/wp-json\/wp\/v2\/pages\/2","targetHints":{"allow":["GET"]}}],"collection":[{"href":"https:\/\/ancelmoguincho.com\/index.php\/wp-json\/wp\/v2\/pages"}],"about":[{"href":"https:\/\/ancelmoguincho.com\/index.php\/wp-json\/wp\/v2\/types\/page"}],"author":[{"embeddable":true,"href":"https:\/\/ancelmoguincho.com\/index.php\/wp-json\/wp\/v2\/users\/1"}],"replies":[{"embeddable":true,"href":"https:\/\/ancelmoguincho.com\/index.php\/wp-json\/wp\/v2\/comments?post=2"}],"version-history":[{"count":6,"href":"https:\/\/ancelmoguincho.com\/index.php\/wp-json\/wp\/v2\/pages\/2\/revisions"}],"predecessor-version":[{"id":47,"href":"https:\/\/ancelmoguincho.com\/index.php\/wp-json\/wp\/v2\/pages\/2\/revisions\/47"}],"wp:attachment":[{"href":"https:\/\/ancelmoguincho.com\/index.php\/wp-json\/wp\/v2\/media?parent=2"}],"curies":[{"name":"wp","href":"https:\/\/api.w.org\/{rel}","templated":true}]}}